{"id":13,"date":"2019-12-02T17:40:13","date_gmt":"2019-12-02T20:40:13","guid":{"rendered":"http:\/\/reinplas.com\/piletas\/?page_id=13"},"modified":"2019-12-05T16:30:07","modified_gmt":"2019-12-05T19:30:07","slug":"quienes-somos","status":"publish","type":"page","link":"https:\/\/reinplas.com\/piletas\/index.php\/quienes-somos\/","title":{"rendered":"Quienes somos"},"content":{"rendered":"<p>[et_pb_section fb_built=\u00bb1&#8243; _builder_version=\u00bb4.0.7&#8243; custom_padding=\u00bb11px||20px|||\u00bb][et_pb_row _builder_version=\u00bb4.0.7&#8243;][et_pb_column type=\u00bb4_4&#8243; _builder_version=\u00bb4.0.7&#8243;][et_pb_text _builder_version=\u00bb4.0.7&#8243; header_text_color=\u00bb#212121&#8243; header_3_font=\u00bb||||||||\u00bb header_3_text_color=\u00bb#0099f2&#8243; header_3_font_size=\u00bb28px\u00bb header_3_letter_spacing=\u00bb3px\u00bb]<\/p>\n<h3 style=\"text-align: center;\">\u00bfQUI\u00c9NES SOMOS?<\/h3>\n<p>[\/et_pb_text][\/et_pb_column][\/et_pb_row][et_pb_row column_structure=\u00bb1_2,1_2&#8243; _builder_version=\u00bb4.0.7&#8243; custom_margin=\u00bb|auto|-2px|auto||\u00bb custom_padding=\u00bb22px|||||\u00bb][et_pb_column type=\u00bb1_2&#8243; _builder_version=\u00bb4.0.7&#8243;][et_pb_image src=\u00bbhttp:\/\/reinplas.com\/piletas\/wp-content\/uploads\/2019\/12\/DSC0010-copia-scaled.jpg\u00bb _builder_version=\u00bb4.0.7&#8243; width=\u00bb52%\u00bb module_alignment=\u00bbcenter\u00bb custom_margin=\u00bb-6px|||||\u00bb][\/et_pb_image][\/et_pb_column][et_pb_column type=\u00bb1_2&#8243; _builder_version=\u00bb4.0.7&#8243;][et_pb_text _builder_version=\u00bb4.0.7&#8243; header_font_size=\u00bb23px\u00bb header_3_font=\u00bb||||||||\u00bb header_3_text_color=\u00bb#212121&#8243; header_3_font_size=\u00bb18px\u00bb header_3_letter_spacing=\u00bb2px\u00bb header_3_line_height=\u00bb1.5em\u00bb header_4_text_color=\u00bb#4c4c4c\u00bb header_4_font_size=\u00bb15px\u00bb header_4_line_height=\u00bb1.2em\u00bb custom_margin=\u00bb||2px|||\u00bb custom_padding=\u00bb24px|||||\u00bb animation_direction=\u00bbleft\u00bb]<\/p>\n<h3 style=\"text-align: center;\"><span>Una empresa con m\u00e1s de 50 a\u00f1os de experiencia, que garantizan la calidad de la materia prima, la dedicaci\u00f3n en el proceso de fabricaci\u00f3n de cada uno de los productos, as\u00ed como en la atenci\u00f3n personalizada de nuestros clientes.<\/span><\/h3>\n<p>[\/et_pb_text][et_pb_button button_text=\u00bbCONTACTATE CON NOSOTROS\u00bb button_alignment=\u00bbcenter\u00bb _builder_version=\u00bb4.0.7&#8243; custom_button=\u00bbon\u00bb button_text_size=\u00bb20px\u00bb button_text_color=\u00bb#ffffff\u00bb button_bg_use_color_gradient=\u00bbon\u00bb button_bg_color_gradient_end=\u00bb#0094ff\u00bb button_bg_color_gradient_direction=\u00bb45deg\u00bb button_border_width=\u00bb2px\u00bb button_border_radius=\u00bb100px\u00bb button_icon=\u00bb%%36%%\u00bb custom_margin=\u00bb44px|||||\u00bb custom_padding=\u00bb0px|||||\u00bb hover_enabled=\u00bb0&#8243; button_url=\u00bbhttp:\/\/reinplas.com\/piletas\/index.php\/contacto\/\u00bb url_new_window=\u00bbon\u00bb][\/et_pb_button][\/et_pb_column][\/et_pb_row][\/et_pb_section][et_pb_section fb_built=\u00bb1&#8243; prev_background_color=\u00bb#ffffff\u00bb _builder_version=\u00bb4.0.7&#8243; background_color=\u00bb#2b87da\u00bb custom_margin=\u00bb-13px|||||\u00bb custom_padding=\u00bb||0px|||\u00bb top_divider_style=\u00bbwave2&#8243;][et_pb_row _builder_version=\u00bb4.0.7&#8243;][et_pb_column type=\u00bb4_4&#8243; _builder_version=\u00bb4.0.7&#8243;][\/et_pb_column][\/et_pb_row][\/et_pb_section]<\/p>\n","protected":false},"excerpt":{"rendered":"<p>\u00bfQUI\u00c9NES SOMOS?Una empresa con m\u00e1s de 50 a\u00f1os de experiencia, que garantizan la calidad de la materia prima, la dedicaci\u00f3n en el proceso de fabricaci\u00f3n de cada uno de los productos, as\u00ed como en la atenci\u00f3n personalizada de nuestros clientes.<\/p>\n","protected":false},"author":1,"featured_media":0,"parent":0,"menu_order":0,"comment_status":"closed","ping_status":"closed","template":"","meta":{"_et_pb_use_builder":"on","_et_pb_old_content":"<!-- wp:divi\/placeholder \/-->","_et_gb_content_width":"","footnotes":""},"class_list":["post-13","page","type-page","status-publish","hentry"],"_links":{"self":[{"href":"https:\/\/reinplas.com\/piletas\/index.php\/wp-json\/wp\/v2\/pages\/13","targetHints":{"allow":["GET"]}}],"collection":[{"href":"https:\/\/reinplas.com\/piletas\/index.php\/wp-json\/wp\/v2\/pages"}],"about":[{"href":"https:\/\/reinplas.com\/piletas\/index.php\/wp-json\/wp\/v2\/types\/page"}],"author":[{"embeddable":true,"href":"https:\/\/reinplas.com\/piletas\/index.php\/wp-json\/wp\/v2\/users\/1"}],"replies":[{"embeddable":true,"href":"https:\/\/reinplas.com\/piletas\/index.php\/wp-json\/wp\/v2\/comments?post=13"}],"version-history":[{"count":6,"href":"https:\/\/reinplas.com\/piletas\/index.php\/wp-json\/wp\/v2\/pages\/13\/revisions"}],"predecessor-version":[{"id":217,"href":"https:\/\/reinplas.com\/piletas\/index.php\/wp-json\/wp\/v2\/pages\/13\/revisions\/217"}],"wp:attachment":[{"href":"https:\/\/reinplas.com\/piletas\/index.php\/wp-json\/wp\/v2\/media?parent=13"}],"curies":[{"name":"wp","href":"https:\/\/api.w.org\/{rel}","templated":true}]}}